{"id":3565,"date":"2023-01-28T01:18:42","date_gmt":"2023-01-28T01:18:42","guid":{"rendered":"https:\/\/bit.coin.com.hr\/index.php\/agb\/"},"modified":"2023-02-18T12:10:41","modified_gmt":"2023-02-18T12:10:41","slug":"agb","status":"publish","type":"page","link":"https:\/\/bit.coin.com.hr\/index.php\/agb\/","title":{"rendered":"AGB"},"content":{"rendered":"\n<ol class=\"wp-block-list\">\n<li><strong>Geltungsbereich<\/strong><br>Diese Allgemeinen Gesch\u00e4ftsbedingungen (AGB) regeln das Rechtsverh\u00e4ltnis zwischen der Firma Esada Immobilien j.d.o.o (im Folgenden &#8220;Betreiber&#8221; genannt) und Nutzern, die Immobilien verkaufen oder vermieten als Immobilieninserate auf der Webseite des Betreibers ver\u00f6ffentlichen (im Folgenden &#8220;Kunde&#8221; genannt).<br><\/li>\n\n\n\n<li><strong>Vertragsgegenstand<\/strong><br>Der Betreiber bietet dem Kunden die M\u00f6glichkeit, Immobilieninserate auf der Webseite des Betreibers zu ver\u00f6ffentlichen und Immobilien zum Verkauf oder zur Vermietung anzubieten.<br><\/li>\n\n\n\n<li><strong>Internet Plattform<\/strong><br>Die Internet Plattform, die vom Betreiber bereitgestellt wird, dient ausschlie\u00dflich der Ver\u00f6ffentlichung von Immobilieninseraten und stellt keine Vermittlung oder Ver\u00e4u\u00dferung von Immobilien dar. Der Betreiber ist nicht am Verkauf oder der Vermietung der Immobilien beteiligt und \u00fcbernimmt keine Verantwortung oder Haftung f\u00fcr die darin enthaltenen Informationen oder den Zustand der Immobilien.<br><\/li>\n\n\n\n<li><strong>Zustandekommen des Vertrags<\/strong><br>Der Vertrag zwischen Betreiber und Kunde kommt durch das Einstellen eines Immobilieninserats auf der Webseite des Betreibers oder durch das Angebot zum Verkauf oder zur Vermietung einer Immobilie zustande. Die AGB sind Bestandteil des Vertrags.<br><\/li>\n\n\n\n<li><strong>Inhalt der Inserate<\/strong><br>Der Kunde ist f\u00fcr den Inhalt des Inserats verantwortlich. Das Inserat darf keine falschen Angaben enthalten und muss den gesetzlichen Anforderungen entsprechen. Der Kunde darf keine urheberrechtlich gesch\u00fctzten Inhalte verwenden.<br><\/li>\n\n\n\n<li><strong>Haftung<\/strong><br>6.1 Der Betreiber \u00fcbernimmt keine Haftung f\u00fcr den Inhalt der Inserate oder f\u00fcr die beschriebenen Immobilien.<br><br>6.2 Der Kunde ist daf\u00fcr verantwortlich, dass alle Angaben in den Inseraten und bei Kauf- oder Mietvertr\u00e4gen wahrheitsgem\u00e4\u00df und vollst\u00e4ndig sind. Der Kunde haftet f\u00fcr alle Sch\u00e4den, die durch falsche oder unvollst\u00e4ndige Angaben entstehen. \u00a0 <br><br>6.3 Der Betreiber haftet nicht f\u00fcr Verluste oder Sch\u00e4den, die durch die Nutzung der Internet-Plattform oder durch die \u00dcbertragung von Daten oder Informationen \u00fcber die Plattform entstehen. Der Kunde nutzt die Internet-Plattform auf eigenes Risiko. <br><br>6.4 Die Haftung des Betreibers f\u00fcr Sch\u00e4den, die durch grobe Fahrl\u00e4ssigkeit oder Vorsatz verursacht wurden, bleibt unber\u00fchrt.<br><\/li>\n\n\n\n<li><strong>Garantie und Richtigkeit<\/strong><br>7.1 Der Betreiber \u00fcbernimmt keine Garantie f\u00fcr die Richtigkeit oder Vollst\u00e4ndigkeit der Informationen auf der Internet-Plattform des Betreibers oder f\u00fcr die Echtheit der Immobilieninserate.<br><br>7.2 Der Betreiber gibt keine Zusicherung oder Gew\u00e4hrleistung, weder ausdr\u00fccklich noch stillschweigend, bez\u00fcglich der Informationen auf der Internet-Plattform des Betreibers oder der Immobilieninserate, einschlie\u00dflich, aber nicht beschr\u00e4nkt auf deren Richtigkeit, Aktualit\u00e4t, Vollst\u00e4ndigkeit, Eignung f\u00fcr einen bestimmten Zweck oder Nichtverletzung von Rechten Dritter.<br><br>7.3 Der Betreiber ist nicht haftbar f\u00fcr Verluste oder Sch\u00e4den, die durch das Vertrauen auf Informationen, die auf der Internet-Plattform des Betreibers angezeigt werden, entstehen. Der Kunde ist selbst daf\u00fcr verantwortlich, die Richtigkeit und Echtheit von Informationen zu \u00fcberpr\u00fcfen und sich vor einem Vertragsabschluss von der Eignung des Objekts f\u00fcr seinen Zweck zu \u00fcberzeugen.<br><\/li>\n\n\n\n<li><strong>L\u00f6schung von Inseraten<\/strong><br>Der Betreiber beh\u00e4lt sich das Recht vor, Inserate ohne Angabe von Gr\u00fcnden zu l\u00f6schen, sofern sie gegen gesetzliche Bestimmungen oder die guten Sitten versto\u00dfen. Insbesondere sind Inserate unzul\u00e4ssig, die gegen geltende Gesetze oder Vorschriften versto\u00dfen, unwahr oder irref\u00fchrend sind, diskriminierende oder beleidigende Inhalte enthalten oder auf sonstige Weise die Rechte Dritter verletzen. Der Betreiber haftet nicht f\u00fcr Sch\u00e4den oder Verluste, die durch die L\u00f6schung von Inseraten entstehen.<br><\/li>\n\n\n\n<li><strong>Datenschutz<\/strong><br>Der Betreiber verpflichtet sich, die geltenden datenschutzrechtlichen Bestimmungen einzuhalten und insbesondere die Datenschutz-Grundverordnung (DSGVO) einzuhalten. Der Kunde erkl\u00e4rt sich damit einverstanden, dass seine personenbezogenen Daten, die im Rahmen der Vertragsabwicklung erhoben werden, vom Betreiber gespeichert und verarbeitet werden. Die Erhebung, Verarbeitung und Nutzung der personenbezogenen Daten erfolgt ausschlie\u00dflich zum Zwecke der Vertragsabwicklung. Der Kunde hat das Recht, jederzeit Auskunft \u00fcber die zu seiner Person gespeicherten Daten zu erhalten sowie deren Berichtigung, Sperrung oder L\u00f6schung zu verlangen, sofern keine gesetzlichen Aufbewahrungspflichten entgegenstehen. Der Betreiber wird die personenbezogenen Daten des Kunden nicht an Dritte weitergeben, es sei denn, dies ist zur Erf\u00fcllung des Vertrags erforderlich oder der Kunde hat ausdr\u00fccklich eingewilligt.<br><\/li>\n\n\n\n<li><strong>Entgelt<\/strong><br>Die Ver\u00f6ffentlichung von Inseraten auf der Internet-Plattform von Immobilien kann mit einem Entgelt verbunden sein. Die genaue H\u00f6he des Entgelts sowie die Zahlungsmodalit\u00e4ten sind auf der Webseite des Betreibers angegeben und k\u00f6nnen je nach Art und Umfang der Leistungen variieren. Durch die Nutzung der Dienstleistungen des Betreibers erkl\u00e4rt der Kunde sich mit der Zahlung des vereinbarten Entgelts einverstanden. S\u00e4mtliche Kosten und Geb\u00fchren sind vom Kunden innerhalb der angegebenen Fristen zu entrichten. Der Betreiber beh\u00e4lt sich das Recht vor, die H\u00f6he des Entgelts sowie die Zahlungsmodalit\u00e4ten jederzeit zu \u00e4ndern. Der Kunde wird \u00fcber \u00c4nderungen rechtzeitig informiert.<br><\/li>\n\n\n\n<li><strong>Preise und Zahlungsbedingungen<br><\/strong>Die Preise f\u00fcr die Ver\u00f6ffentlichung von Inseraten auf der Internet-Plattform von Immobilien werden in der jeweils g\u00fcltigen Preisliste des Betreibers bekannt gegeben. Der Kunde erkl\u00e4rt sich mit den Preisen einverstanden, indem er seine Bestellung aufgibt. Der Betreiber beh\u00e4lt sich das Recht vor, die Preise jederzeit zu \u00e4ndern. Preis\u00e4nderungen werden dem Kunden rechtzeitig bekannt gegeben und treten erst nach Ablauf der aktuellen Bestellperiode in Kraft, sofern der Kunde nicht innerhalb einer angemessenen Frist schriftlich widerspricht. Die Zahlung f\u00fcr die Ver\u00f6ffentlichung von Inseraten erfolgt im Voraus per Bank\u00fcberweisung, PayPal oder mit Kreditkarten, die auf der Plattform elektronisch \u00fcberwiesen werden k\u00f6nnen. Der Kunde ist verpflichtet, s\u00e4mtliche Kosten und Geb\u00fchren innerhalb der angegebenen Fristen zu entrichten. Bei Zahlungsverzug ist der Betreiber berechtigt, Verzugszinsen in H\u00f6he von 20 % \u00fcber dem jeweiligen Basiszinssatz zu berechnen. Der Betreiber beh\u00e4lt sich das Recht vor, weitere rechtliche Schritte einzuleiten, um die ausstehenden Zahlungen einzufordern.<br><\/li>\n\n\n\n<li><strong>Zahlungsplattform und Sicherheit<\/strong><br>Der Betreiber stellt dem Kunden eine technische Zahlungsplattform zur Verf\u00fcgung, um Zahlungen im Zusammenhang mit der Immobilienvermietung abzuwickeln. Die zur Verf\u00fcgung stehenden Zahlungsmethoden k\u00f6nnen Bank\u00fcberweisung, PayPal oder Kreditkarte umfassen. Die Zahlungstransaktion wird erst nach \u00dcberpr\u00fcfung des Mietobjekts durch den Kunden ausgef\u00fchrt, um die Sicherheit des Mieters zu gew\u00e4hrleisten.<br><\/li>\n\n\n\n<li><strong>Beendigung des Vertrags<\/strong><br>Die Laufzeit des Vertrags ergibt sich aus den Vereinbarungen der Vertragsparteien. Der Vertrag endet automatisch mit Ablauf dieser Laufzeit, ohne dass es einer gesonderten K\u00fcndigung bedarf. Eine ordentliche K\u00fcndigung des Vertrags durch eine der Vertragsparteien ist nur zum Ende der Laufzeit unter Einhaltung einer angemessenen Frist m\u00f6glich, es sei denn, es wird etwas anderes vereinbart. Eine au\u00dferordentliche K\u00fcndigung aus wichtigem Grund bleibt unber\u00fchrt. Jede K\u00fcndigung bedarf der Schriftform.<br><\/li>\n\n\n\n<li><strong>\u00c4nderungen des Vertrages und der AGB<br><\/strong>Der Betreiber ist berechtigt, die AGB jederzeit zu \u00e4ndern. Der Betreiber wird die Kunden \u00fcber die \u00c4nderungen informieren. \u00c4nderungen dieser AGB werden dem Kunden mindestens 30 Tage vor ihrem Inkrafttreten schriftlich oder per E-Mail mitgeteilt. Der Kunde hat das Recht, den Vertrag innerhalb von 30 Tagen nach Erhalt der Mitteilung zu k\u00fcndigen. Erfolgt keine K\u00fcndigung, gelten die \u00c4nderungen als angenommen und werden Vertragsbestandteil.<br><\/li>\n\n\n\n<li><strong>Salvatorische Klausel<\/strong><br>Sollte eine Bestimmung dieser AGB unwirksam oder undurchf\u00fchrbar sein oder werden, so wird dadurch die Wirksamkeit der \u00fcbrigen Bestimmungen nicht ber\u00fchrt. Anstelle der unwirksamen oder undurchf\u00fchrbaren Bestimmung tritt eine wirksame und durchf\u00fchrbare Regelung, die dem wirtschaftlichen Zweck der unwirksamen oder undurchf\u00fchrbaren Bestimmung am n\u00e4chsten kommt.<br><\/li>\n\n\n\n<li><strong>Gerichtsstand und anwendbares Recht<\/strong><br>F\u00fcr alle Streitigkeiten aus oder im Zusammenhang mit diesem Vertrag gilt der Sitz der Firma Esada Immobilien j.d.o.o. als ausschlie\u00dflicher Gerichtsstand. Dieser Vertrag unterliegt dem Recht der Republik Kroatien unter Ausschluss des UN-Kaufrechts.<\/li>\n<\/ol>\n\n\n\n<p><\/p>\n","protected":false},"excerpt":{"rendered":"","protected":false},"author":1,"featured_media":0,"parent":0,"menu_order":0,"comment_status":"closed","ping_status":"closed","template":"","meta":{"footnotes":""},"class_list":["post-3565","page","type-page","status-publish","hentry"],"_links":{"self":[{"href":"https:\/\/bit.coin.com.hr\/index.php\/wp-json\/wp\/v2\/pages\/3565","targetHints":{"allow":["GET"]}}],"collection":[{"href":"https:\/\/bit.coin.com.hr\/index.php\/wp-json\/wp\/v2\/pages"}],"about":[{"href":"https:\/\/bit.coin.com.hr\/index.php\/wp-json\/wp\/v2\/types\/page"}],"author":[{"embeddable":true,"href":"https:\/\/bit.coin.com.hr\/index.php\/wp-json\/wp\/v2\/users\/1"}],"replies":[{"embeddable":true,"href":"https:\/\/bit.coin.com.hr\/index.php\/wp-json\/wp\/v2\/comments?post=3565"}],"version-history":[{"count":5,"href":"https:\/\/bit.coin.com.hr\/index.php\/wp-json\/wp\/v2\/pages\/3565\/revisions"}],"predecessor-version":[{"id":4027,"href":"https:\/\/bit.coin.com.hr\/index.php\/wp-json\/wp\/v2\/pages\/3565\/revisions\/4027"}],"wp:attachment":[{"href":"https:\/\/bit.coin.com.hr\/index.php\/wp-json\/wp\/v2\/media?parent=3565"}],"curies":[{"name":"wp","href":"https:\/\/api.w.org\/{rel}","templated":true}]}}